{"id":2140,"date":"2023-10-25T18:16:02","date_gmt":"2023-10-25T16:16:02","guid":{"rendered":"https:\/\/sales-agency.io\/privacy-policy\/"},"modified":"2023-11-20T14:19:16","modified_gmt":"2023-11-20T13:19:16","slug":"privacy-policy","status":"publish","type":"page","link":"https:\/\/sales-agency.io\/en\/privacy-policy\/","title":{"rendered":"Privacy Policy"},"content":{"rendered":"\n<div style=\"height:30px\" aria-hidden=\"true\" class=\"wp-block-spacer\"><\/div>\n\n<p><strong>I General Information:<\/strong><\/p>\n\n<ul class=\"wp-block-list\">\n<li>This Privacy Policy sets out how personal data is obtained, processed and secured<br\/>within the meaning of the Personal Data Protection Act of August 29, 1997 (Journal of Laws No. 133, item 883, as amended).<br\/>and the Act on Providing Services by Electronic Means of July 18, 2002 (Journal of Laws No. 144, item 1204, as amended). <\/li>\n\n\n\n<li>Personal data are processed in accordance with Regulation (EU) 2016\/679 of the European Parliament and of the Council of<br\/>27.04.2016r. on the protection of individuals in relation to the processing of personal data and on the<br\/>the free flow of such data and the repeal of Directive 95\/46\/EC (Official Journal of the EU L 2016, No. 119) &#8211; further:<br\/>GDPR<\/li>\n\n\n\n<li>The administrator of the personal data is Sales-Agency Sp.z o.o, 42A Robotnicza Street, 53-608 Wroclaw, NIP: <br\/>8943168591, REGON: 389107363 entered in the register of entrepreneurs kept by the District Court for the<br\/>Wroc\u0142aw Fabryczna, VI Economic Division of the National Court Register.<\/li>\n<\/ul>\n\n<p><strong>II Personal data<\/strong><\/p>\n\n<ul class=\"wp-block-list\">\n<li>The service collects information voluntarily provided by the user.<\/li>\n\n\n\n<li>Personal information is obtained when filling out the application form<br\/>&#8211; Personal information is used only to properly contact the user who<br\/>left his data in the application form on the website of Sales-Agency Sp.z o.o<\/li>\n\n\n\n<li>The content of the website can be viewed without providing any personal information.<\/li>\n\n\n\n<li>Any person who has provided his\/her personal data has the right to access its content and the ability to request it<br\/>to stop the processing of personal data and to object to the processing of personal data.<br\/>The mentioned actions can be done by sending the appropriate statement to the email address: biuro@salesagency.pl<\/li>\n\n\n\n<li>Personal data acquired by the controller is stored, processed and protected in accordance with the<br\/>applicable laws.<\/li>\n<\/ul>\n\n<p><strong>III Information about cookies.<\/strong><br\/>The website uses cookies.<\/p>\n\n<ul class=\"wp-block-list\">\n<li>Cookies (so-called &#8220;cookies&#8221;) are computer data, in particular text files, which are stored<br\/>are in the Service User&#8217;s terminal equipment and are intended for use of the Service&#8217;s websites.<br\/>Cookies usually include the name of the website they came from, the time they are stored on the device<br\/>end and a unique number.<\/li>\n\n\n\n<li>The entity placing cookies on the Service User&#8217;s terminal equipment and obtaining access to<br\/>their access is the operator of the Website.<\/li>\n\n\n\n<li>Cookies are used for the following purposes: creating statistics to help understand how<br\/>the way Service Users use the websites, which makes it possible to improve their structure and content;<br\/>determine the user&#8217;s profile in order to display tailored materials to the user in advertising networks, in<br\/>Google networks in particular.<\/li>\n\n\n\n<li>The Service uses two main types of cookies: &#8220;session cookies&#8221; and &#8220;permanent cookies&#8221;.<br\/>(persistent cookies). &#8220;Session&#8221; cookies are temporary files that are stored on the final device <br\/>User until the user logs out, leaves the website or shuts down the software (browser<br\/>internet). &#8220;Permanent&#8221; cookies are stored on the User&#8217;s terminal device for the time specified in the<br\/>parameters of cookies or until they are deleted by the User. Web browsing software<br\/>Internet (web browser) usually allows cookies to be stored by default in the<br\/>User&#8217;s final device. Users of the Website may change their settings in this regard. <br\/>Your web browser allows you to delete cookies. It is also possible to automatically block the files <br\/>cookies For details, please refer to your browser&#8217;s help or documentation.<\/li>\n\n\n\n<li>Restrictions on the use of cookies may affect some of the functionality available on the sites<br\/>service&#8217;s websites.<\/li>\n\n\n\n<li>Cookies placed in the Service User&#8217;s terminal equipment, may also be used to<br\/>by advertisers and partners cooperating with the operator of the Website.<\/li>\n\n\n\n<li>We recommend that you read the privacy policies of these companies to learn about the use of cookies<br\/>Used in statistics: Google Analytics Privacy Policy.<\/li>\n\n\n\n<li>Cookies may be used by advertising networks, in particular the Google network, to display advertisements<br\/>tailored to the way you use the Website. For this purpose, they may retain information about the path <br\/>user&#8217;s navigation or how long they stay on a particular page.<\/li>\n\n\n\n<li>With regard to the information about your preferences collected by Google&#8217;s advertising network, you may<br\/>view and edit information resulting from cookies using the tool: https:\/\/www.google.com\/ads\/<br\/>preferences\/<\/li>\n<\/ul>\n\n<p><strong>IV Managing cookies &#8211; how to give and withdraw consent in practice?<\/strong><\/p>\n\n<ul class=\"wp-block-list\">\n<li>If you do not want to receive cookies, you can change your browser settings. We stipulate that<br\/>disable cookies necessary for authentication, security, maintenance processes<br\/>user&#8217;s preferences may hinder and, in extreme cases, may make it impossible to use the websites.<\/li>\n\n\n\n<li>to manage your cookie settings, select your web browser\/system from the list below and proceed<br\/>as instructed\u2022 \u2013 Internet Explorer \u2022 \u2013 Chrome \u2022 \u2013 Safari \u2022 \u2013 Firefox \u2022 \u2013 Opera \u2022 \u2013 Android \u2022 \u2013 Safari (iOS) \u2022 \u2013<br\/>Windows Phone \u2022 \u2013 Blackberry<\/li>\n<\/ul>\n\n<p><strong>V Data sharing.<\/strong><\/p>\n\n<ul class=\"wp-block-list\">\n<li>Data are subject to sharing with external entities only within the limits of the law.<\/li>\n\n\n\n<li>The Operator may be required to provide information collected by the Service to authorized authorities on the basis of<br\/>lawful demands to the extent of the request.<\/li>\n<\/ul>\n\n<p>VI Final Provisions<\/p>\n\n<ul class=\"wp-block-list\">\n<li>The Administrator has the right to make changes to this Privacy Policy. Individuals sharing their personal information<br\/>the current version of the Privacy Policy is in effect, available at https:\/\/zakladaniestronwww.pl\/<br\/>polityka-prywatnosci\/<\/li>\n\n\n\n<li>In matters not covered by this Privacy Policy, the applicable provisions of Polish law shall apply.<\/li>\n<\/ul>\n\n<div style=\"height:30px\" aria-hidden=\"true\" class=\"wp-block-spacer\"><\/div>\n\n<p><\/p>\n","protected":false},"excerpt":{"rendered":"<p>I General Information: II Personal data III Information about cookies.The website uses cookies. IV Managing cookies &#8211; how to give and withdraw consent in practice? V Data sharing. VI Final Provisions<\/p>\n","protected":false},"author":1,"featured_media":0,"parent":0,"menu_order":0,"comment_status":"closed","ping_status":"closed","template":"","meta":{"_improvement_type_select":"improve_an_existing","_thumb_yes_seoaic":false,"_frame_yes_seoaic":false,"seoaic_generate_description":"","seoaic_improve_instructions_prompt":"","seoaic_rollback_content_improvement":"","seoaic_idea_thumbnail_generator":"","thumbnail_generated":false,"thumbnail_generate_prompt":"","seoaic_article_description":"","footnotes":""},"class_list":["post-2140","page","type-page","status-publish","hentry"],"acf":[],"yoast_head":"<!-- This site is optimized with the Yoast SEO plugin v21.0 - https:\/\/yoast.com\/wordpress\/plugins\/seo\/ -->\n<title>Privacy Policy | Wroc\u0142aw - Sales Agency<\/title>\n<meta name=\"description\" content=\"Sales Agency \u27a4 Privacy Policy \u2714\ufe0f Wiedza oraz wieloletnie do\u015bwiadczenie \u2714\ufe0f Partnerstwo oraz zrozumienie potrzeb Klient\u00f3w \u2b50 Sprawd\u017a!\" \/>\n<meta name=\"robots\" content=\"noindex, follow\" \/>\n<meta property=\"og:locale\" content=\"en_US\" \/>\n<meta property=\"og:type\" content=\"article\" \/>\n<meta property=\"og:title\" content=\"Privacy Policy | Wroc\u0142aw - Sales Agency\" \/>\n<meta property=\"og:description\" content=\"Sales Agency \u27a4 Privacy Policy \u2714\ufe0f Wiedza oraz wieloletnie do\u015bwiadczenie \u2714\ufe0f Partnerstwo oraz zrozumienie potrzeb Klient\u00f3w \u2b50 Sprawd\u017a!\" \/>\n<meta property=\"og:url\" content=\"https:\/\/sales-agency.io\/en\/privacy-policy\/\" \/>\n<meta property=\"og:site_name\" content=\"Sales Agency\" \/>\n<meta property=\"article:modified_time\" content=\"2023-11-20T13:19:16+00:00\" \/>\n<meta name=\"twitter:card\" content=\"summary_large_image\" \/>\n<meta name=\"twitter:label1\" content=\"Est. reading time\" \/>\n\t<meta name=\"twitter:data1\" content=\"4 minutes\" \/>\n<script type=\"application\/ld+json\" class=\"yoast-schema-graph\">{\"@context\":\"https:\/\/schema.org\",\"@graph\":[{\"@type\":\"WebPage\",\"@id\":\"https:\/\/sales-agency.io\/en\/privacy-policy\/\",\"url\":\"https:\/\/sales-agency.io\/en\/privacy-policy\/\",\"name\":\"Privacy Policy | Wroc\u0142aw - Sales Agency\",\"isPartOf\":{\"@id\":\"https:\/\/sales-agency.io\/en\/#website\"},\"datePublished\":\"2023-10-25T16:16:02+00:00\",\"dateModified\":\"2023-11-20T13:19:16+00:00\",\"description\":\"Sales Agency \u27a4 Privacy Policy \u2714\ufe0f Wiedza oraz wieloletnie do\u015bwiadczenie \u2714\ufe0f Partnerstwo oraz zrozumienie potrzeb Klient\u00f3w \u2b50 Sprawd\u017a!\",\"inLanguage\":\"en-US\",\"potentialAction\":[{\"@type\":\"ReadAction\",\"target\":[\"https:\/\/sales-agency.io\/en\/privacy-policy\/\"]}]},{\"@type\":\"WebSite\",\"@id\":\"https:\/\/sales-agency.io\/en\/#website\",\"url\":\"https:\/\/sales-agency.io\/en\/\",\"name\":\"Sales Agency\",\"description\":\"Jeste\u015bmy cz\u0119\u015bci\u0105  Twojego Zespo\u0142u\",\"publisher\":{\"@id\":\"https:\/\/sales-agency.io\/en\/#organization\"},\"potentialAction\":[{\"@type\":\"SearchAction\",\"target\":{\"@type\":\"EntryPoint\",\"urlTemplate\":\"https:\/\/sales-agency.io\/en\/?s={search_term_string}\"},\"query-input\":\"required name=search_term_string\"}],\"inLanguage\":\"en-US\"},{\"@type\":\"Organization\",\"@id\":\"https:\/\/sales-agency.io\/en\/#organization\",\"name\":\"Sales Agency\",\"url\":\"https:\/\/sales-agency.io\/en\/\",\"logo\":{\"@type\":\"ImageObject\",\"inLanguage\":\"en-US\",\"@id\":\"https:\/\/sales-agency.io\/en\/#\/schema\/logo\/image\/\",\"url\":\"https:\/\/sales-agency.io\/wp-content\/uploads\/2023\/08\/logo.svg\",\"contentUrl\":\"https:\/\/sales-agency.io\/wp-content\/uploads\/2023\/08\/logo.svg\",\"width\":144,\"height\":43,\"caption\":\"Sales Agency\"},\"image\":{\"@id\":\"https:\/\/sales-agency.io\/en\/#\/schema\/logo\/image\/\"},\"sameAs\":[\"https:\/\/www.linkedin.com\/company\/sales-agency-pl\/\"]}]}<\/script>\n<!-- \/ Yoast SEO plugin. -->","yoast_head_json":{"title":"Privacy Policy | Wroc\u0142aw - Sales Agency","description":"Sales Agency \u27a4 Privacy Policy \u2714\ufe0f Wiedza oraz wieloletnie do\u015bwiadczenie \u2714\ufe0f Partnerstwo oraz zrozumienie potrzeb Klient\u00f3w \u2b50 Sprawd\u017a!","robots":{"index":"noindex","follow":"follow"},"og_locale":"en_US","og_type":"article","og_title":"Privacy Policy | Wroc\u0142aw - Sales Agency","og_description":"Sales Agency \u27a4 Privacy Policy \u2714\ufe0f Wiedza oraz wieloletnie do\u015bwiadczenie \u2714\ufe0f Partnerstwo oraz zrozumienie potrzeb Klient\u00f3w \u2b50 Sprawd\u017a!","og_url":"https:\/\/sales-agency.io\/en\/privacy-policy\/","og_site_name":"Sales Agency","article_modified_time":"2023-11-20T13:19:16+00:00","twitter_card":"summary_large_image","twitter_misc":{"Est. reading time":"4 minutes"},"schema":{"@context":"https:\/\/schema.org","@graph":[{"@type":"WebPage","@id":"https:\/\/sales-agency.io\/en\/privacy-policy\/","url":"https:\/\/sales-agency.io\/en\/privacy-policy\/","name":"Privacy Policy | Wroc\u0142aw - Sales Agency","isPartOf":{"@id":"https:\/\/sales-agency.io\/en\/#website"},"datePublished":"2023-10-25T16:16:02+00:00","dateModified":"2023-11-20T13:19:16+00:00","description":"Sales Agency \u27a4 Privacy Policy \u2714\ufe0f Wiedza oraz wieloletnie do\u015bwiadczenie \u2714\ufe0f Partnerstwo oraz zrozumienie potrzeb Klient\u00f3w \u2b50 Sprawd\u017a!","inLanguage":"en-US","potentialAction":[{"@type":"ReadAction","target":["https:\/\/sales-agency.io\/en\/privacy-policy\/"]}]},{"@type":"WebSite","@id":"https:\/\/sales-agency.io\/en\/#website","url":"https:\/\/sales-agency.io\/en\/","name":"Sales Agency","description":"Jeste\u015bmy cz\u0119\u015bci\u0105  Twojego Zespo\u0142u","publisher":{"@id":"https:\/\/sales-agency.io\/en\/#organization"},"potentialAction":[{"@type":"SearchAction","target":{"@type":"EntryPoint","urlTemplate":"https:\/\/sales-agency.io\/en\/?s={search_term_string}"},"query-input":"required name=search_term_string"}],"inLanguage":"en-US"},{"@type":"Organization","@id":"https:\/\/sales-agency.io\/en\/#organization","name":"Sales Agency","url":"https:\/\/sales-agency.io\/en\/","logo":{"@type":"ImageObject","inLanguage":"en-US","@id":"https:\/\/sales-agency.io\/en\/#\/schema\/logo\/image\/","url":"https:\/\/sales-agency.io\/wp-content\/uploads\/2023\/08\/logo.svg","contentUrl":"https:\/\/sales-agency.io\/wp-content\/uploads\/2023\/08\/logo.svg","width":144,"height":43,"caption":"Sales Agency"},"image":{"@id":"https:\/\/sales-agency.io\/en\/#\/schema\/logo\/image\/"},"sameAs":["https:\/\/www.linkedin.com\/company\/sales-agency-pl\/"]}]}},"_links":{"self":[{"href":"https:\/\/sales-agency.io\/en\/wp-json\/wp\/v2\/pages\/2140","targetHints":{"allow":["GET"]}}],"collection":[{"href":"https:\/\/sales-agency.io\/en\/wp-json\/wp\/v2\/pages"}],"about":[{"href":"https:\/\/sales-agency.io\/en\/wp-json\/wp\/v2\/types\/page"}],"author":[{"embeddable":true,"href":"https:\/\/sales-agency.io\/en\/wp-json\/wp\/v2\/users\/1"}],"replies":[{"embeddable":true,"href":"https:\/\/sales-agency.io\/en\/wp-json\/wp\/v2\/comments?post=2140"}],"version-history":[{"count":0,"href":"https:\/\/sales-agency.io\/en\/wp-json\/wp\/v2\/pages\/2140\/revisions"}],"wp:attachment":[{"href":"https:\/\/sales-agency.io\/en\/wp-json\/wp\/v2\/media?parent=2140"}],"curies":[{"name":"wp","href":"https:\/\/api.w.org\/{rel}","templated":true}]}}